{"id":62,"date":"2026-01-19T18:10:33","date_gmt":"2026-01-19T18:10:33","guid":{"rendered":"https:\/\/competencesproplus.fr\/?page_id=62"},"modified":"2026-02-02T12:07:48","modified_gmt":"2026-02-02T12:07:48","slug":"a-propos","status":"publish","type":"page","link":"https:\/\/competencesproplus.fr\/index.php\/a-propos\/","title":{"rendered":"\u00c0 propos"},"content":{"rendered":"\n<div class=\"wp-block-group has-ast-global-color-5-color has-ast-global-color-0-background-color has-text-color has-background has-link-color wp-elements-d9dc70139ffe1c032eded26d7b2e7dfd is-vertical is-layout-flex wp-container-core-group-is-layout-fe9cc265 wp-block-group-is-layout-flex\">\n<p class=\"wp-container-content-9cfa9a5a\" style=\"font-size:54px\">Qui sommes- nous ?<\/p>\n\n\n\n<p class=\"has-ast-global-color-5-color has-text-color has-link-color wp-elements-e69fcd95bb786631305a6b3f09d177f1\">Comp\u00e9tencesPro+ est une structure sp\u00e9cialis\u00e9e dans la mise \u00e0 disposition de comp\u00e9tences et la formation de professionnels intervenant dans le secteur de la protection de l&#8217;enfance.<\/p>\n\n\n\n<p class=\"has-ast-global-color-5-color has-text-color has-link-color wp-elements-dfef75f2c481b8d0c3bc3866127be77e\">Nous accompagnons les \u00e9tablissements en leur proposant des solutions humaines, fiables, et adapt\u00e9es aux r\u00e9alit\u00e9s du terrain.<\/p>\n<\/div>\n\n\n\n<figure class=\"wp-block-image aligncenter size-large\"><img loading=\"lazy\" decoding=\"async\" width=\"1024\" height=\"682\" src=\"https:\/\/competencesproplus.fr\/wp-content\/uploads\/2026\/01\/d5142b8e-3ddf-451b-a9b5-8a37de9efb42-1-1024x682.jpg\" alt=\"\" class=\"wp-image-92\" style=\"aspect-ratio:1.5014997178748553\" srcset=\"https:\/\/competencesproplus.fr\/wp-content\/uploads\/2026\/01\/d5142b8e-3ddf-451b-a9b5-8a37de9efb42-1-1024x682.jpg 1024w, https:\/\/competencesproplus.fr\/wp-content\/uploads\/2026\/01\/d5142b8e-3ddf-451b-a9b5-8a37de9efb42-1-300x200.jpg 300w, https:\/\/competencesproplus.fr\/wp-content\/uploads\/2026\/01\/d5142b8e-3ddf-451b-a9b5-8a37de9efb42-1-768x512.jpg 768w, https:\/\/competencesproplus.fr\/wp-content\/uploads\/2026\/01\/d5142b8e-3ddf-451b-a9b5-8a37de9efb42-1-1536x1023.jpg 1536w, https:\/\/competencesproplus.fr\/wp-content\/uploads\/2026\/01\/d5142b8e-3ddf-451b-a9b5-8a37de9efb42-1.jpg 1600w\" sizes=\"auto, (max-width: 1024px) 100vw, 1024px\" \/><\/figure>\n\n\n\n<div class=\"wp-block-group has-ast-global-color-0-color has-ast-global-color-5-background-color has-text-color has-background has-link-color wp-elements-90ea1d36ecbeb7b865f98e96f4c9a561 is-vertical is-layout-flex wp-container-core-group-is-layout-fe9cc265 wp-block-group-is-layout-flex\">\n<p class=\"wp-container-content-9cfa9a5a\" style=\"font-size:54px\">Notre Mission<\/p>\n\n\n\n<p>Nous croyons que chaque enfant m\u00e9rite un environnement s\u00fbr, stable et \u00e9panouissant. C&#8217;est pourquoi nous mettons \u00e0 disposition des comp\u00e9tences qualifi\u00e9es et formons des professionnels engag\u00e9s, au service des \u00e9tablissements de la protection de l&#8217;enfance.<\/p>\n<\/div>\n\n\n\n<div class=\"wp-block-columns has-ast-global-color-0-background-color has-background is-layout-flex wp-container-core-columns-is-layout-28f84493 wp-block-columns-is-layout-flex\">\n<div class=\"wp-block-column is-layout-flow wp-block-column-is-layout-flow\">\n<figure class=\"wp-block-image size-large\"><img loading=\"lazy\" decoding=\"async\" width=\"682\" height=\"1024\" src=\"https:\/\/competencesproplus.fr\/wp-content\/uploads\/2026\/01\/WhatsApp-Image-2025-12-03-at-21.53.52-682x1024.jpeg\" alt=\"\" class=\"wp-image-95\" style=\"aspect-ratio:0.6660280414525821\" srcset=\"https:\/\/competencesproplus.fr\/wp-content\/uploads\/2026\/01\/WhatsApp-Image-2025-12-03-at-21.53.52-682x1024.jpeg 682w, https:\/\/competencesproplus.fr\/wp-content\/uploads\/2026\/01\/WhatsApp-Image-2025-12-03-at-21.53.52-200x300.jpeg 200w, https:\/\/competencesproplus.fr\/wp-content\/uploads\/2026\/01\/WhatsApp-Image-2025-12-03-at-21.53.52-768x1153.jpeg 768w, https:\/\/competencesproplus.fr\/wp-content\/uploads\/2026\/01\/WhatsApp-Image-2025-12-03-at-21.53.52-1023x1536.jpeg 1023w, https:\/\/competencesproplus.fr\/wp-content\/uploads\/2026\/01\/WhatsApp-Image-2025-12-03-at-21.53.52.jpeg 1066w\" sizes=\"auto, (max-width: 682px) 100vw, 682px\" \/><\/figure>\n<\/div>\n\n\n\n<div class=\"wp-block-column is-layout-flow wp-block-column-is-layout-flow\">\n<figure class=\"wp-block-gallery has-nested-images columns-default is-cropped wp-block-gallery-1 is-layout-flex wp-block-gallery-is-layout-flex\">\n<figure class=\"wp-block-image size-large\"><img loading=\"lazy\" decoding=\"async\" width=\"682\" height=\"1024\" data-id=\"96\" src=\"https:\/\/competencesproplus.fr\/wp-content\/uploads\/2026\/01\/WhatsApp-Image-2025-12-03-at-21.53.53-682x1024.jpeg\" alt=\"\" class=\"wp-image-96\" srcset=\"https:\/\/competencesproplus.fr\/wp-content\/uploads\/2026\/01\/WhatsApp-Image-2025-12-03-at-21.53.53-682x1024.jpeg 682w, https:\/\/competencesproplus.fr\/wp-content\/uploads\/2026\/01\/WhatsApp-Image-2025-12-03-at-21.53.53-200x300.jpeg 200w, https:\/\/competencesproplus.fr\/wp-content\/uploads\/2026\/01\/WhatsApp-Image-2025-12-03-at-21.53.53-768x1153.jpeg 768w, https:\/\/competencesproplus.fr\/wp-content\/uploads\/2026\/01\/WhatsApp-Image-2025-12-03-at-21.53.53-1023x1536.jpeg 1023w, https:\/\/competencesproplus.fr\/wp-content\/uploads\/2026\/01\/WhatsApp-Image-2025-12-03-at-21.53.53.jpeg 1066w\" sizes=\"auto, (max-width: 682px) 100vw, 682px\" \/><\/figure>\n<\/figure>\n<\/div>\n<\/div>\n\n\n\n<div class=\"wp-block-group has-ast-global-color-5-color has-ast-global-color-1-background-color has-text-color has-background has-link-color wp-elements-b2bf5bbdfbad0aef693535624ca02a3a is-vertical is-layout-flex wp-container-core-group-is-layout-fe9cc265 wp-block-group-is-layout-flex\">\n<p class=\"wp-container-content-9cfa9a5a\" style=\"font-size:54px\">Notre Expertise<\/p>\n\n\n\n<div class=\"wp-block-columns is-layout-flex wp-container-core-columns-is-layout-28f84493 wp-block-columns-is-layout-flex\">\n<div class=\"wp-block-column is-layout-flow wp-block-column-is-layout-flow\">\n<p class=\"has-large-font-size\">Une connaissance fine du terrain<\/p>\n\n\n\n<p>Notre approche repose sur une compr\u00e9hension approfondie des enjeux rencontr\u00e9s par les structures de la protection de l&#8217;enfance. Nous intervenons aupr\u00e8s d&#8217;\u00e9tablissements confront\u00e9s \u00e0 des situations complexes, n\u00e9cessitant r\u00e9activit\u00e9, adaptation et expertise humaine.<\/p>\n<\/div>\n\n\n\n<div class=\"wp-block-column is-layout-flow wp-block-column-is-layout-flow\">\n<p class=\"has-large-font-size\">Des professionnels s\u00e9lectionn\u00e9s avec exigence<\/p>\n\n\n\n<p>Les professionnels que nous mobilisons sont s\u00e9lectionn\u00e9s pour leurs comp\u00e9tences techniques, leurs qualit\u00e9s humaines et leur capacit\u00e9 d&#8217;adaptation. Ils sont form\u00e9s pour intervenir dans le respect des cadres institutionnels, tout en pla\u00e7ant le bien-\u00eatre des jeunes au coeur de leurs actions.<\/p>\n<\/div>\n<\/div>\n<\/div>\n\n\n\n<h2 class=\"wp-block-heading has-ast-global-color-0-color has-text-color has-link-color wp-elements-fa9dc6863648970173803c8946f52d9c\">Nos Valeurs <\/h2>\n\n\n\n<div class=\"wp-block-columns is-layout-flex wp-container-core-columns-is-layout-28f84493 wp-block-columns-is-layout-flex\">\n<div class=\"wp-block-column is-layout-flow wp-block-column-is-layout-flow\">\n<div class=\"wp-block-columns is-layout-flex wp-container-core-columns-is-layout-28f84493 wp-block-columns-is-layout-flex\">\n<div class=\"wp-block-column is-layout-flow wp-block-column-is-layout-flow\">\n<p class=\"has-ast-global-color-0-color has-text-color has-link-color wp-elements-436d6f36102e9405aa181b59d732f467\">Bienveillance<\/p>\n\n\n\n<figure class=\"wp-block-image size-full is-resized\"><img loading=\"lazy\" decoding=\"async\" width=\"247\" height=\"276\" src=\"https:\/\/competencesproplus.fr\/wp-content\/uploads\/2026\/01\/bienveillance-1.png\" alt=\"\" class=\"wp-image-101\" style=\"aspect-ratio:0.8949670424444034;width:107px;height:auto\"\/><\/figure>\n<\/div>\n\n\n\n<div class=\"wp-block-column is-layout-flow wp-block-column-is-layout-flow\">\n<p class=\"has-ast-global-color-0-color has-text-color has-link-color wp-elements-0f6bb6e6844288d177746797d66af218\">Engagement<\/p>\n\n\n\n<figure class=\"wp-block-image size-full is-resized\"><img loading=\"lazy\" decoding=\"async\" width=\"170\" height=\"281\" src=\"https:\/\/competencesproplus.fr\/wp-content\/uploads\/2026\/01\/engagement-1.png\" alt=\"\" class=\"wp-image-105\" style=\"width:70px;height:auto\"\/><\/figure>\n<\/div>\n<\/div>\n<\/div>\n\n\n\n<div class=\"wp-block-column is-layout-flow wp-block-column-is-layout-flow\">\n<div class=\"wp-block-columns is-layout-flex wp-container-core-columns-is-layout-28f84493 wp-block-columns-is-layout-flex\">\n<div class=\"wp-block-column is-layout-flow wp-block-column-is-layout-flow\">\n<p class=\"has-ast-global-color-0-color has-text-color has-link-color wp-elements-5e4a120074ffeee9a13486defcbb1ae8\">S\u00e9curit\u00e9<\/p>\n\n\n\n<figure class=\"wp-block-image size-full is-resized\"><img loading=\"lazy\" decoding=\"async\" width=\"288\" height=\"345\" src=\"https:\/\/competencesproplus.fr\/wp-content\/uploads\/2026\/01\/securite.png\" alt=\"\" class=\"wp-image-104\" style=\"aspect-ratio:0.8347985979428834;width:94px;height:auto\" srcset=\"https:\/\/competencesproplus.fr\/wp-content\/uploads\/2026\/01\/securite.png 288w, https:\/\/competencesproplus.fr\/wp-content\/uploads\/2026\/01\/securite-250x300.png 250w\" sizes=\"auto, (max-width: 288px) 100vw, 288px\" \/><\/figure>\n<\/div>\n\n\n\n<div class=\"wp-block-column is-layout-flow wp-block-column-is-layout-flow\">\n<p class=\"has-ast-global-color-0-color has-text-color has-link-color wp-elements-c06dc4cd30307ca12023fd8fd8f336b6\">Adaptabilit\u00e9<\/p>\n\n\n\n<figure class=\"wp-block-image size-full is-resized\"><img loading=\"lazy\" decoding=\"async\" width=\"397\" height=\"405\" src=\"https:\/\/competencesproplus.fr\/wp-content\/uploads\/2026\/02\/adaptabilite.png\" alt=\"\" class=\"wp-image-109\" style=\"aspect-ratio:0.980253164556962;width:109px;height:auto\" srcset=\"https:\/\/competencesproplus.fr\/wp-content\/uploads\/2026\/02\/adaptabilite.png 397w, https:\/\/competencesproplus.fr\/wp-content\/uploads\/2026\/02\/adaptabilite-294x300.png 294w\" sizes=\"auto, (max-width: 397px) 100vw, 397px\" \/><\/figure>\n<\/div>\n<\/div>\n<\/div>\n<\/div>\n\n\n\n<div class=\"wp-block-group has-ast-global-color-0-background-color has-background is-layout-constrained wp-block-group-is-layout-constrained\">\n<h2 class=\"wp-block-heading has-text-align-left has-ast-global-color-1-color has-text-color has-link-color wp-elements-aa18b6a8ad64dd15d4573c93e0dc6a9a\">Notre engagement aupr\u00e8s des \u00e9tablissements<\/h2>\n\n\n\n<h3 class=\"wp-block-heading has-ast-global-color-5-color has-text-color has-link-color wp-elements-ed0a71a249784279d608832e53bbee2c\">Un partenariat bas\u00e9 sur la confiance<\/h3>\n\n\n\n<p class=\"has-ast-global-color-5-color has-text-color has-link-color wp-elements-1b0dfd7b03ad324e400fb7b9529dc74c\">Nous travaillons en \u00e9troite collaboration avec les \u00e9quipes en place afin de proposer des interventions coh\u00e9rentes, efficaces et respectueuses des fonctionnements existants. Notre objectif est de devenir un partenaire de confiance, capable de s&#8217;adapter en temps r\u00e9el aux besoins des \u00e9tablissements, tout en apportant des solutions durables.  <\/p>\n<\/div>\n\n\n\n<p><\/p>\n","protected":false},"excerpt":{"rendered":"<p>Qui sommes- nous ? Comp\u00e9tencesPro+ est une structure sp\u00e9cialis\u00e9e dans la mise \u00e0 disposition de comp\u00e9tences et la formation de [&hellip;]<\/p>\n","protected":false},"author":1,"featured_media":0,"parent":0,"menu_order":0,"comment_status":"closed","ping_status":"closed","template":"","meta":{"site-sidebar-layout":"default","site-content-layout":"","ast-site-content-layout":"default","site-content-style":"default","site-sidebar-style":"default","ast-global-header-display":"","ast-banner-title-visibility":"","ast-main-header-display":"","ast-hfb-above-header-display":"","ast-hfb-below-header-display":"","ast-hfb-mobile-header-display":"","site-post-title":"","ast-breadcrumbs-content":"","ast-featured-img":"","footer-sml-layout":"","ast-disable-related-posts":"","theme-transparent-header-meta":"","adv-header-id-meta":"","stick-header-meta":"","header-above-stick-meta":"","header-main-stick-meta":"","header-below-stick-meta":"","astra-migrate-meta-layouts":"default","ast-page-background-enabled":"default","ast-page-background-meta":{"desktop":{"background-color":"var(--ast-global-color-5)","background-image":"","background-repeat":"repeat","background-position":"center center","background-size":"auto","background-attachment":"scroll","background-type":"","background-media":"","overlay-type":"","overlay-color":"","overlay-opacity":"","overlay-gradient":""},"tablet":{"background-color":"","background-image":"","background-repeat":"repeat","background-position":"center center","background-size":"auto","background-attachment":"scroll","background-type":"","background-media":"","overlay-type":"","overlay-color":"","overlay-opacity":"","overlay-gradient":""},"mobile":{"background-color":"","background-image":"","background-repeat":"repeat","background-position":"center center","background-size":"auto","background-attachment":"scroll","background-type":"","background-media":"","overlay-type":"","overlay-color":"","overlay-opacity":"","overlay-gradient":""}},"ast-content-background-meta":{"desktop":{"background-color":"var(--ast-global-color-4)","background-image":"","background-repeat":"repeat","background-position":"center center","background-size":"auto","background-attachment":"scroll","background-type":"","background-media":"","overlay-type":"","overlay-color":"","overlay-opacity":"","overlay-gradient":""},"tablet":{"background-color":"var(--ast-global-color-4)","background-image":"","background-repeat":"repeat","background-position":"center center","background-size":"auto","background-attachment":"scroll","background-type":"","background-media":"","overlay-type":"","overlay-color":"","overlay-opacity":"","overlay-gradient":""},"mobile":{"background-color":"var(--ast-global-color-4)","background-image":"","background-repeat":"repeat","background-position":"center center","background-size":"auto","background-attachment":"scroll","background-type":"","background-media":"","overlay-type":"","overlay-color":"","overlay-opacity":"","overlay-gradient":""}},"footnotes":""},"class_list":["post-62","page","type-page","status-publish","hentry"],"_links":{"self":[{"href":"https:\/\/competencesproplus.fr\/index.php\/wp-json\/wp\/v2\/pages\/62","targetHints":{"allow":["GET"]}}],"collection":[{"href":"https:\/\/competencesproplus.fr\/index.php\/wp-json\/wp\/v2\/pages"}],"about":[{"href":"https:\/\/competencesproplus.fr\/index.php\/wp-json\/wp\/v2\/types\/page"}],"author":[{"embeddable":true,"href":"https:\/\/competencesproplus.fr\/index.php\/wp-json\/wp\/v2\/users\/1"}],"replies":[{"embeddable":true,"href":"https:\/\/competencesproplus.fr\/index.php\/wp-json\/wp\/v2\/comments?post=62"}],"version-history":[{"count":19,"href":"https:\/\/competencesproplus.fr\/index.php\/wp-json\/wp\/v2\/pages\/62\/revisions"}],"predecessor-version":[{"id":110,"href":"https:\/\/competencesproplus.fr\/index.php\/wp-json\/wp\/v2\/pages\/62\/revisions\/110"}],"wp:attachment":[{"href":"https:\/\/competencesproplus.fr\/index.php\/wp-json\/wp\/v2\/media?parent=62"}],"curies":[{"name":"wp","href":"https:\/\/api.w.org\/{rel}","templated":true}]}}